{"id":5536,"date":"2024-09-02T19:10:34","date_gmt":"2024-09-02T17:10:34","guid":{"rendered":"https:\/\/biconsulting.futerri.cat\/grant-finder\/"},"modified":"2024-12-04T16:04:01","modified_gmt":"2024-12-04T15:04:01","slug":"grant-finder","status":"publish","type":"page","link":"https:\/\/biconsulting.es\/en\/grant-finder\/","title":{"rendered":"Grant Finder"},"content":{"rendered":"\t\t<div data-elementor-type=\"wp-page\" data-elementor-id=\"5536\" class=\"elementor elementor-5536 elementor-3866\" data-elementor-post-type=\"page\">\n\t\t\t\t<div class=\"elementor-element elementor-element-e0d45bd e-flex e-con-boxed e-con e-parent\" data-id=\"e0d45bd\" data-element_type=\"container\" data-e-type=\"container\" data-settings=\"{&quot;background_background&quot;:&quot;classic&quot;,&quot;shape_divider_bottom&quot;:&quot;curve-asymmetrical&quot;}\">\n\t\t\t\t\t<div class=\"e-con-inner\">\n\t\t\t\t<div class=\"elementor-shape elementor-shape-bottom\" aria-hidden=\"true\" data-negative=\"false\">\n\t\t\t<svg xmlns=\"http:\/\/www.w3.org\/2000\/svg\" viewBox=\"0 0 1000 100\" preserveAspectRatio=\"none\">\n\t<path class=\"elementor-shape-fill\" d=\"M0,0c0,0,0,6,0,6.7c0,18,240.2,93.6,615.2,92.6C989.8,98.5,1000,25,1000,6.7c0-0.7,0-6.7,0-6.7H0z\"\/>\n<\/svg>\t\t<\/div>\n\t\t\t\t<div class=\"elementor-element elementor-element-3b8ce48 elementor-widget elementor-widget-heading\" data-id=\"3b8ce48\" data-element_type=\"widget\" data-e-type=\"widget\" data-widget_type=\"heading.default\">\n\t\t\t\t<div class=\"elementor-widget-container\">\n\t\t\t\t\t<h2 class=\"elementor-heading-title elementor-size-default\">Grants<\/h2>\t\t\t\t<\/div>\n\t\t\t\t<\/div>\n\t\t\t\t<div class=\"elementor-element elementor-element-46cd398 elementor-widget elementor-widget-text-editor\" data-id=\"46cd398\" data-element_type=\"widget\" data-e-type=\"widget\" data-widget_type=\"text-editor.default\">\n\t\t\t\t<div class=\"elementor-widget-container\">\n\t\t\t\t\t\t\t\t\t<p>You can consult all the details about the most interesting public subsidies for your projects in our subsidy search engine.<\/p>\n\t\t\t\t\t\t\t\t<\/div>\n\t\t\t\t<\/div>\n\t\t\t\t\t<\/div>\n\t\t\t\t<\/div>\n\t\t<div class=\"elementor-element elementor-element-7e243b79 e-flex e-con-boxed e-con e-parent\" data-id=\"7e243b79\" data-element_type=\"container\" data-e-type=\"container\">\n\t\t\t\t\t<div class=\"e-con-inner\">\n\t\t<div class=\"elementor-element elementor-element-c7ea170 e-con-full e-flex e-con e-child\" data-id=\"c7ea170\" data-element_type=\"container\" data-e-type=\"container\">\n\t\t\t\t<div class=\"elementor-element elementor-element-63ac9628 element_seleccio jet-smart-filter-content-position-line jet-smart-filter-group-position-column elementor-widget elementor-widget-jet-smart-filters-select\" data-id=\"63ac9628\" data-element_type=\"widget\" data-e-type=\"widget\" data-widget_type=\"jet-smart-filters-select.default\">\n\t\t\t\t<div class=\"elementor-widget-container\">\n\t\t\t\t\t<div class=\"jet-smart-filters-select jet-filter jet-filter-indexed\" data-indexer-rule=\"show\" data-show-counter=\"\" data-change-counter=\"always\"><div class=\"jet-select\" data-query-type=\"tax_query\" data-query-var=\"category\" data-smart-filter=\"select\" data-filter-id=\"3015\" data-apply-type=\"ajax\" data-content-provider=\"epro-posts\" data-additional-providers=\"\" data-query-id=\"default\" data-active-label=\"Regi\u00f3n Auton\u00f3mica\" data-layout-options=\"{&quot;show_label&quot;:&quot;&quot;,&quot;display_options&quot;:{&quot;show_items_label&quot;:false,&quot;show_decorator&quot;:false,&quot;filter_image_size&quot;:&quot;full&quot;,&quot;show_counter&quot;:false}}\" data-query-var-suffix=\"\" data-apply-on=\"value\">\r\n\t\t\t\t<select\r\n\t\t\tclass=\"jet-select__control\"\r\n\t\t\tname=\"category\"\r\n\t\t\t\t\t\taria-label=\"Regi\u00f3n Auton\u00f3mica\"\r\n\t\t>\r\n\t\t\r\n\t\t\t\t\t<option\r\n\t\t\t\tvalue=\"\"\r\n\t\t\t\tdata-label=\"Regi\u00f3n Auton\u00f3mica\"\r\n\t\t\t\tdata-counter-prefix=\"\"\r\n\t\t\t\tdata-counter-suffix=\"\"\r\n\t\t\t\t\t\t\t\t\t\t\t>Regi\u00f3n Auton\u00f3mica<\/option>\r\n\t\t\t\t\t\t<option\r\n\t\t\t\tvalue=\"1\"\r\n\t\t\t\tdata-label=\"Sin categorizar\"\r\n\t\t\t\tdata-counter-prefix=\"\"\r\n\t\t\t\tdata-counter-suffix=\"\"\r\n\t\t\t\t\t\t\t\t\t\t\t>Sin categorizar<\/option>\r\n\t\t\t<\/select>\r\n\t<\/div>\r\n<\/div>\t\t\t\t<\/div>\n\t\t\t\t<\/div>\n\t\t\t\t<\/div>\n\t\t<div class=\"elementor-element elementor-element-7e8420f6 e-con-full e-flex e-con e-child\" data-id=\"7e8420f6\" data-element_type=\"container\" data-e-type=\"container\">\n\t\t\t\t<div class=\"elementor-element elementor-element-38165f5b jet-smart-filter-content-position-column jet-smart-filter-group-position-column elementor-widget elementor-widget-jet-smart-filters-select\" data-id=\"38165f5b\" data-element_type=\"widget\" data-e-type=\"widget\" data-widget_type=\"jet-smart-filters-select.default\">\n\t\t\t\t<div class=\"elementor-widget-container\">\n\t\t\t\t\t<div class=\"jet-smart-filters-select jet-filter jet-filter-indexed\" data-indexer-rule=\"show\" data-show-counter=\"\" data-change-counter=\"always\"><div class=\"jet-select\" data-query-type=\"tax_query\" data-query-var=\"post_tag\" data-smart-filter=\"select\" data-filter-id=\"2999\" data-apply-type=\"ajax\" data-content-provider=\"epro-posts\" data-additional-providers=\"\" data-query-id=\"default\" data-active-label=\"\u00c1mbito actuaci\u00f3n\" data-layout-options=\"{&quot;show_label&quot;:&quot;&quot;,&quot;display_options&quot;:{&quot;show_items_label&quot;:false,&quot;show_decorator&quot;:false,&quot;filter_image_size&quot;:&quot;full&quot;,&quot;show_counter&quot;:false}}\" data-query-var-suffix=\"\" data-apply-on=\"value\">\r\n\t\t<\/div>\r\n<\/div>\t\t\t\t<\/div>\n\t\t\t\t<\/div>\n\t\t\t\t<\/div>\n\t\t<div class=\"elementor-element elementor-element-2e9b8a05 e-con-full e-flex e-con e-child\" data-id=\"2e9b8a05\" data-element_type=\"container\" data-e-type=\"container\">\n\t\t\t\t<div class=\"elementor-element elementor-element-30f0c517 jet-smart-filter-content-position-line elementor-widget elementor-widget-jet-smart-filters-search\" data-id=\"30f0c517\" data-element_type=\"widget\" data-e-type=\"widget\" data-widget_type=\"jet-smart-filters-search.default\">\n\t\t\t\t<div class=\"elementor-widget-container\">\n\t\t\t\t\t<div class=\"jet-smart-filters-search jet-filter\"><div class=\"jet-search-filter button-icon-position-right\" data-query-type=\"_s\" data-query-var=\"query\" data-smart-filter=\"search\" data-filter-id=\"2997\" data-apply-type=\"ajax\" data-content-provider=\"epro-posts\" data-additional-providers=\"\" data-query-id=\"default\" data-active-label=\"Buscador \" data-layout-options=\"{&quot;show_label&quot;:&quot;&quot;,&quot;display_options&quot;:[]}\" data-query-var-suffix=\"search\">\r\n\t<div class=\"jet-search-filter__input-wrapper\">\r\n\t\t<input\r\n\t\t\tclass=\"jet-search-filter__input\"\r\n\t\t\ttype=\"search\"\r\n\t\t\tautocomplete=\"off\"\r\n\t\t\tname=\"query\"\r\n\t\t\tvalue=\"\"\r\n\t\t\tplaceholder=\"Buscar\"\r\n\t\t\taria-label=\"Buscador\"\r\n\t\t\t\t\t>\r\n\t\t\t<\/div>\r\n\t\t\t<button\r\n\t\t\ttype=\"button\"\r\n\t\t\tclass=\"jet-search-filter__submit apply-filters__button\"\r\n\t\t\t\t\t>\r\n\t\t\t\t\t\t<span class=\"jet-search-filter__submit-text\"><\/span>\r\n\t\t\t<i class=\"fa fa-search\"><\/i>\t\t<\/button>\r\n\t<\/div>\r\n<\/div>\t\t\t\t<\/div>\n\t\t\t\t<\/div>\n\t\t\t\t<\/div>\n\t\t\t\t\t<\/div>\n\t\t\t\t<\/div>\n\t\t<div class=\"elementor-element elementor-element-2d1811c e-con-full e-flex e-con e-parent\" data-id=\"2d1811c\" data-element_type=\"container\" data-e-type=\"container\">\n\t\t<div class=\"elementor-element elementor-element-9a734d4 e-con-full e-flex e-con e-child\" data-id=\"9a734d4\" data-element_type=\"container\" data-e-type=\"container\">\n\t\t\t\t<\/div>\n\t\t\t\t<\/div>\n\t\t\t\t<\/div>\n\t\t","protected":false},"excerpt":{"rendered":"<p>Grants You can consult all the details about the most interesting public subsidies for your projects in our subsidy search engine. Regi\u00f3n Auton\u00f3micaAndaluc\u00edaArag\u00f3nAsturiasBalearesCanariasCantabriaCastilla la ManchaCastilla y Le\u00f3nCatalu\u00f1aComunidad MadridComunidad ValencianaExtremaduraGaliciaLa RiojaMurciaNavarraPa\u00eds VascoSubvenciones \u00c1mbito actuaci\u00f3nAuton\u00f3micasEuropeasInternacionalesNacionales<\/p>\n","protected":false},"author":1,"featured_media":0,"parent":0,"menu_order":0,"comment_status":"closed","ping_status":"closed","template":"","meta":{"footnotes":""},"class_list":["post-5536","page","type-page","status-publish","hentry"],"publishpress_future_action":{"enabled":false,"date":"2026-04-16 18:04:29","action":"change-status","newStatus":"draft","terms":[],"taxonomy":"translation_priority","extraData":[]},"publishpress_future_workflow_manual_trigger":{"enabledWorkflows":[]},"_links":{"self":[{"href":"https:\/\/biconsulting.es\/en\/wp-json\/wp\/v2\/pages\/5536","targetHints":{"allow":["GET"]}}],"collection":[{"href":"https:\/\/biconsulting.es\/en\/wp-json\/wp\/v2\/pages"}],"about":[{"href":"https:\/\/biconsulting.es\/en\/wp-json\/wp\/v2\/types\/page"}],"author":[{"embeddable":true,"href":"https:\/\/biconsulting.es\/en\/wp-json\/wp\/v2\/users\/1"}],"replies":[{"embeddable":true,"href":"https:\/\/biconsulting.es\/en\/wp-json\/wp\/v2\/comments?post=5536"}],"version-history":[{"count":1,"href":"https:\/\/biconsulting.es\/en\/wp-json\/wp\/v2\/pages\/5536\/revisions"}],"predecessor-version":[{"id":5537,"href":"https:\/\/biconsulting.es\/en\/wp-json\/wp\/v2\/pages\/5536\/revisions\/5537"}],"wp:attachment":[{"href":"https:\/\/biconsulting.es\/en\/wp-json\/wp\/v2\/media?parent=5536"}],"curies":[{"name":"wp","href":"https:\/\/api.w.org\/{rel}","templated":true}]}}